{"id":1701,"date":"2021-12-13T17:51:27","date_gmt":"2021-12-13T16:51:27","guid":{"rendered":"https:\/\/panchukart.pl\/bio\/"},"modified":"2023-10-24T14:23:15","modified_gmt":"2023-10-24T12:23:15","slug":"bio","status":"publish","type":"page","link":"https:\/\/panchukart.pl\/en\/bio\/","title":{"rendered":"Bio"},"content":{"rendered":"<p>[vc_section el_name=&#8221;Page Title&#8221; css=&#8221;.vc_custom_1680635372315{margin-top: -150px !important;}&#8221;][vc_row animate_tablet=&#8221;true&#8221; animate_mobile=&#8221;true&#8221; delay=&#8221;true&#8221; el_name=&#8221;Row has animation&#8221; effect=&#8221;fadeIn&#8221;][vc_column width=&#8221;1\/3&#8243; offset=&#8221;vc_col-lg-4 vc_col-md-4 vc_col-sm-12 vc_col-xs-12&#8243;]<div class=\"wpb_content_element \"><style type=\"text\/css\">#ut_header_69e4d8f875a34 h1.section-title { font-size:70px !important;line-height:91px !important;letter-spacing:-0.03em; }@media (min-width: 1025px) and (max-width: 1679px) {#ut_header_69e4d8f875a34 h1.section-title { font-size:60px !important; }}@media (min-width: 768px) and (max-width: 1024px) {#ut_header_69e4d8f875a34 h1.section-title { font-size:50px !important; }}@media (max-width: 767px) {#ut_header_69e4d8f875a34 h1.section-title { font-size:40px !important; }}<\/style><header id=\"ut_header_69e4d8f875a34\" class=\"section-header  ut-no-lead-linebreak-mobile pt-style-2 header-left header-tablet-center header-mobile-center\"><h1 data-title=\"Igor Panchuk\"  data-responsive-font=\"section_title\" data-responsive-font-settings=\"{&quot;base-font-size&quot;:&quot;70&quot;,&quot;font-size-unit&quot;:&quot;px&quot;,&quot;font-size&quot;:{&quot;desktop_large&quot;:&quot;70&quot;,&quot;desktop_small&quot;:&quot;60&quot;,&quot;tablet&quot;:&quot;50&quot;,&quot;mobile&quot;:&quot;40&quot;},&quot;base-line-height&quot;:&quot;91&quot;,&quot;line-height-unit&quot;:&quot;px&quot;,&quot;line-height&quot;:{&quot;desktop_large&quot;:&quot;91&quot;},&quot;base-letter-spacing&quot;:&quot;global&quot;,&quot;letter-spacing&quot;:{&quot;desktop_large&quot;:&quot;-0.03&quot;}}\" class=\"section-title  \"><span>Igor Panchuk<\/span><\/h1><div data-delay=\"0\" class=\"lead \"><p>Igor Panchuk \u2013 Born in 1981, comes from Ukraine (Grycenko, Chmielnicka oblast). Certified artist and art conservator. In 2013, he graduated from the Lviv National Academy of Arts. He gained experience working on religious architecture and conserving works of easel painting. He has been creating his own paintings for 25 years.<\/p>\n<p>By exploring the working methods of old masters such as Caravaggio, Vel\u00e1zquez and Vermeer, he learned techniques that he used to improve his own painting skills. For an artist, mastering the technique is a way to show feelings and imagination. In his paintings, he tries to combine classical and contemporary painting. Subdued colors and a specific way of painting make Igor Panchuk&#8217;s work intriguing and very original.<\/p>\n<p>Solo Exhibitions<\/p>\n<p>Teatr \u201eMaska\u201d, Rzesz\u00f3w, Polska (2014)<br \/>\nGaleria \u201eStara drukarnia\u201d, Rzesz\u00f3w, Polska (2017)<br \/>\nCentrum Organizacji Kulturalnych \u201ePere\u0142ka\u201d, Polska (2019)<br \/>\nKlub \u201ePod Kolumnami\u201d, Wroc\u0142aw, Polska (2020)<br \/>\nGaleria \u201eRio&#8221;, Krak\u00f3w, Polska (2020)<\/p>\n<p>Collective Exhibitions<\/p>\n<p>&#8220;Centrum Sztuki Wsp\u00f3\u0142czesnej&#8221; Iwano-Frankowsk, Ukraina (2018)<br \/>\nUdzia\u0142 w projekcie &#8220;Proste s\u0142owa&#8221; Lw\u00f3w, Ukraina  (2018)<br \/>\nUczestnik mi\u0119dzynarodowego pleneru &#8220;Charna Gora&#8221; Wynohradiw, Ukraina (2018)<br \/>\nGalleria &#8220;Werkunst Gallery&#8221; Hamburg, Niemcy (2019)<br \/>\ngaleria &#8220;G2A Arena&#8221; Rzesz\u00f3w Polska (2019)<br \/>\n&#8220;Dwoisto\u015b\u0107 \u015bwiata&#8221; Czelad\u017a, Polska (2019)<br \/>\n&#8220;Triangulum&#8221; \u0141\u00f3d\u017a, Polska (2020)<br \/>\n&#8220;Triangulum&#8221; Czelad\u017a, Polska (2021)<br \/>\n&#8220;Melancholia&#8221; Ole\u015bnica, Polska (2022)<br \/>\n&#8220;Melancholia&#8221; Czelad\u017a, Polska (2022)<br \/>\n\u201eZa krok do wojny\u201d Paderborn, Niemcy (2022)<br \/>\nwystawa charytatywna, Londyn, Anglia (2022)<br \/>\n\u201eSi\u0142a w r\u00f3\u017cnorodno\u015bci\u201d, Muzeum Narodowe im. Tarasa Szewczenki, Kij\u00f3w Ukraina (2023)<br \/>\nKorsakowski  Muzeum Nowoczesnej Sztuki Ukrai\u0144skiej \u201eDuma\u201d (2023)<\/p>\n<\/div><\/header><\/div>[\/vc_column][vc_column width=&#8221;1\/12&#8243; offset=&#8221;vc_col-lg-1 vc_col-md-1 vc_hidden-sm vc_hidden-xs&#8221;][\/vc_column][vc_column width=&#8221;7\/12&#8243; offset=&#8221;vc_col-lg-7 vc_col-md-7 vc_col-sm-12 vc_col-xs-12&#8243; css=&#8221;.vc_custom_1680635401138{margin-top: 30px !important;}&#8221;]<div class=\"wpb_content_element ut-gallery-40  clearfix\"><style type=\"text\/css\">#ut_ig_69e4d8f87eb48 .ut-lazy:not(.ut-image-loaded) + .ut-video-module-loading { display:block; }#ut_ig_69e4d8f87eb48 .ut-lazy.ut-image-loaded + .ut-video-module-loading { display:none; }#ut_ig_69e4d8f87eb48 .ut-animate-gallery-element { opacity: 0; }#ut_ig_69e4d8f87eb48 .ut-image-gallery-item-caption-title h3 { color: #ffffff; }#ut_ig_69e4d8f87eb48 .ut-image-gallery-item-caption-title h3 { font-weight: 400; }#ut_ig_69e4d8f87eb48 .ut-image-gallery-loader-inner { border-top-color: rgba(0,0,0,0.65); border-left-color: rgba(0,0,0,0.65); }#ut_ig_69e4d8f87eb48 .ut-image-gallery-loader-inner { border-bottom-color: rgba(0,0,0,0.15); border-right-color: rgba(0,0,0,0.15); }#ut_ig_69e4d8f87eb48 .ut-image-gallery-item-wrap {width: calc(50% - 40px);margin-bottom: 40px;}#ut_ig_69e4d8f87eb48 .ut-image-gallery-item,#ut_ig_69e4d8f87eb48 .ut-image-gallery-item-wrap {padding: 0;}#ut_ig_69e4d8f87eb48 .ut-image-gallery-sizer {width: calc(50% - 40px);}@media (min-width: 768px) and (max-width: 1024px) {#ut_ig_69e4d8f87eb48 {margin-right: -30px;}#ut_ig_69e4d8f87eb48 .ut-image-gallery-item-wrap {width: calc(50% - 30px);margin-bottom: 30px;}#ut_ig_69e4d8f87eb48 .ut-image-gallery-sizer {width: calc(50% - 30px);}}@media (max-width: 767px) {#ut_ig_69e4d8f87eb48 {margin-right: -20px;}#ut_ig_69e4d8f87eb48 .ut-image-gallery-item-wrap {width: calc(100% - 20px);margin-bottom: 20px;}#ut_ig_69e4d8f87eb48 .ut-image-gallery-sizer {width: calc(100% - 20px);}}<\/style><div id=\"ut_ig_69e4d8f87eb48\" class=\"ut-image-gallery ut-image-gallery-module  ut-image-gallery-40 ut-image-gallery-masonry clearfix\" data-settings=\"{&quot;animate&quot;:true,&quot;effect&quot;:&quot;fadeIn&quot;,&quot;lazy&quot;:true,&quot;delay_animation&quot;:true,&quot;global_delay_animation&quot;:false,&quot;delay_timer&quot;:100,&quot;global_delay_timer&quot;:100}\" data-mason-gal=\"on\" data-mason-gal-gutter=\"40\" data-mason-gal-gutter-tablet=\"30\" data-mason-gal-gutter-mobile=\"20\"><div class=\"ut-image-gallery-item-wrap\"><div data-effect=\"fadeIn\" data-animateonce=\"yes\" data-count=\"1\" class=\"ut-image-gallery-item ut-animate-gallery-element animated  \"><a  class=\"ut-vc-images-lightbox ut-vc-images-lightbox-group-image\"  data-exthumbimage=\"https:\/\/panchukart.pl\/wp-content\/uploads\/2023\/10\/Igor_Panchuk-200x200.jpg\" href=\"https:\/\/panchukart.pl\/wp-content\/uploads\/2023\/10\/Igor_Panchuk.jpg\" ><div class=\"ut-image-gallery-image\" ><img  class=\" ut-lazy skip-lazy\" src=\"data:image\/svg+xml;charset=utf-8,%3Csvg xmlns%3D'http%3A%2F%2Fwww.w3.org%2F2000%2Fsvg' viewBox%3D'0 0 640 960'%2F%3E\" data-src=\"https:\/\/panchukart.pl\/wp-content\/uploads\/2023\/10\/Igor_Panchuk.jpg\" width=\"640\" height=\"960\"><div class=\"ut-video-module-loading\"><div class=\"ut-image-gallery-loader\"><div class=\"ut-image-gallery-loader-inner\"><\/div><\/div><\/div><div class=\"ut-image-gallery-image-caption\"><div class=\"ut-image-gallery-item-caption-title\"><h3 class=\"ut-image-gallery-empty-title\">+<\/h3><\/div><\/div><\/div><\/a><\/div><\/div><div class=\"ut-image-gallery-sizer\"><\/div><div class=\"clear\"><\/div><\/div><\/div>[\/vc_column][\/vc_row][\/vc_section]<\/p>\n","protected":false},"excerpt":{"rendered":"<p>[vc_section el_name=&#8221;Page Title&#8221; css=&#8221;.vc_custom_1680635372315{margin-top: -150px !important;}&#8221;][vc_row animate_tablet=&#8221;true&#8221; animate_mobile=&#8221;true&#8221; delay=&#8221;true&#8221; el_name=&#8221;Row has animation&#8221; effect=&#8221;fadeIn&#8221;][vc_column width=&#8221;1\/3&#8243; offset=&#8221;vc_col-lg-4 vc_col-md-4 vc_col-sm-12 vc_col-xs-12&#8243;][\/vc_column][vc_column width=&#8221;1\/12&#8243; offset=&#8221;vc_col-lg-1 vc_col-md-1 vc_hidden-sm vc_hidden-xs&#8221;][\/vc_column][vc_column width=&#8221;7\/12&#8243; offset=&#8221;vc_col-lg-7 vc_col-md-7 vc_col-sm-12 vc_col-xs-12&#8243; css=&#8221;.vc_custom_1680635401138{margin-top: 30px !important;}&#8221;][\/vc_column][\/vc_row][\/vc_section]<\/p>\n","protected":false},"author":1,"featured_media":0,"parent":0,"menu_order":0,"comment_status":"closed","ping_status":"closed","template":"","meta":[],"yoast_head":"<!-- This site is optimized with the Yoast SEO plugin v17.7.1 - https:\/\/yoast.com\/wordpress\/plugins\/seo\/ -->\n<title>Bio - Igor Panchuk Art<\/title>\n<meta name=\"robots\" content=\"index, follow, max-snippet:-1, max-image-preview:large, max-video-preview:-1\" \/>\n<link rel=\"canonical\" href=\"https:\/\/panchukart.pl\/en\/bio\/\" \/>\n<meta property=\"og:locale\" content=\"en_US\" \/>\n<meta property=\"og:type\" content=\"article\" \/>\n<meta property=\"og:title\" content=\"Bio - Igor Panchuk Art\" \/>\n<meta property=\"og:description\" content=\"[vc_section el_name=&#8221;Page Title&#8221; css=&#8221;.vc_custom_1680635372315{margin-top: -150px !important;}&#8221;][vc_row animate_tablet=&#8221;true&#8221; animate_mobile=&#8221;true&#8221; delay=&#8221;true&#8221; el_name=&#8221;Row has animation&#8221; effect=&#8221;fadeIn&#8221;][vc_column width=&#8221;1\/3&#8243; offset=&#8221;vc_col-lg-4 vc_col-md-4 vc_col-sm-12 vc_col-xs-12&#8243;][\/vc_column][vc_column width=&#8221;1\/12&#8243; offset=&#8221;vc_col-lg-1 vc_col-md-1 vc_hidden-sm vc_hidden-xs&#8221;][\/vc_column][vc_column width=&#8221;7\/12&#8243; offset=&#8221;vc_col-lg-7 vc_col-md-7 vc_col-sm-12 vc_col-xs-12&#8243; css=&#8221;.vc_custom_1680635401138{margin-top: 30px !important;}&#8221;][\/vc_column][\/vc_row][\/vc_section]\" \/>\n<meta property=\"og:url\" content=\"https:\/\/panchukart.pl\/en\/bio\/\" \/>\n<meta property=\"og:site_name\" content=\"Igor Panchuk Art\" \/>\n<meta property=\"article:modified_time\" content=\"2023-10-24T12:23:15+00:00\" \/>\n<meta name=\"twitter:card\" content=\"summary_large_image\" \/>\n<meta name=\"twitter:label1\" content=\"Est. reading time\" \/>\n\t<meta name=\"twitter:data1\" content=\"2 minutes\" \/>\n<script type=\"application\/ld+json\" class=\"yoast-schema-graph\">{\"@context\":\"https:\/\/schema.org\",\"@graph\":[{\"@type\":\"WebSite\",\"@id\":\"https:\/\/panchukart.pl\/#website\",\"url\":\"https:\/\/panchukart.pl\/\",\"name\":\"Igor Panchuk Art\",\"description\":\"Grzegorz Czechowski - galeria obraz\\u00f3w\",\"potentialAction\":[{\"@type\":\"SearchAction\",\"target\":{\"@type\":\"EntryPoint\",\"urlTemplate\":\"https:\/\/panchukart.pl\/?s={search_term_string}\"},\"query-input\":\"required name=search_term_string\"}],\"inLanguage\":\"en-US\"},{\"@type\":\"WebPage\",\"@id\":\"https:\/\/panchukart.pl\/en\/bio\/#webpage\",\"url\":\"https:\/\/panchukart.pl\/en\/bio\/\",\"name\":\"Bio - Igor Panchuk Art\",\"isPartOf\":{\"@id\":\"https:\/\/panchukart.pl\/#website\"},\"datePublished\":\"2021-12-13T16:51:27+00:00\",\"dateModified\":\"2023-10-24T12:23:15+00:00\",\"breadcrumb\":{\"@id\":\"https:\/\/panchukart.pl\/en\/bio\/#breadcrumb\"},\"inLanguage\":\"en-US\",\"potentialAction\":[{\"@type\":\"ReadAction\",\"target\":[\"https:\/\/panchukart.pl\/en\/bio\/\"]}]},{\"@type\":\"BreadcrumbList\",\"@id\":\"https:\/\/panchukart.pl\/en\/bio\/#breadcrumb\",\"itemListElement\":[{\"@type\":\"ListItem\",\"position\":1,\"name\":\"Strona g\\u0142\\u00f3wna\",\"item\":\"https:\/\/panchukart.pl\/en\/\"},{\"@type\":\"ListItem\",\"position\":2,\"name\":\"Bio\"}]}]}<\/script>\n<!-- \/ Yoast SEO plugin. -->","yoast_head_json":{"title":"Bio - Igor Panchuk Art","robots":{"index":"index","follow":"follow","max-snippet":"max-snippet:-1","max-image-preview":"max-image-preview:large","max-video-preview":"max-video-preview:-1"},"canonical":"https:\/\/panchukart.pl\/en\/bio\/","og_locale":"en_US","og_type":"article","og_title":"Bio - Igor Panchuk Art","og_description":"[vc_section el_name=&#8221;Page Title&#8221; css=&#8221;.vc_custom_1680635372315{margin-top: -150px !important;}&#8221;][vc_row animate_tablet=&#8221;true&#8221; animate_mobile=&#8221;true&#8221; delay=&#8221;true&#8221; el_name=&#8221;Row has animation&#8221; effect=&#8221;fadeIn&#8221;][vc_column width=&#8221;1\/3&#8243; offset=&#8221;vc_col-lg-4 vc_col-md-4 vc_col-sm-12 vc_col-xs-12&#8243;][\/vc_column][vc_column width=&#8221;1\/12&#8243; offset=&#8221;vc_col-lg-1 vc_col-md-1 vc_hidden-sm vc_hidden-xs&#8221;][\/vc_column][vc_column width=&#8221;7\/12&#8243; offset=&#8221;vc_col-lg-7 vc_col-md-7 vc_col-sm-12 vc_col-xs-12&#8243; css=&#8221;.vc_custom_1680635401138{margin-top: 30px !important;}&#8221;][\/vc_column][\/vc_row][\/vc_section]","og_url":"https:\/\/panchukart.pl\/en\/bio\/","og_site_name":"Igor Panchuk Art","article_modified_time":"2023-10-24T12:23:15+00:00","twitter_card":"summary_large_image","twitter_misc":{"Est. reading time":"2 minutes"},"schema":{"@context":"https:\/\/schema.org","@graph":[{"@type":"WebSite","@id":"https:\/\/panchukart.pl\/#website","url":"https:\/\/panchukart.pl\/","name":"Igor Panchuk Art","description":"Grzegorz Czechowski - galeria obraz\u00f3w","potentialAction":[{"@type":"SearchAction","target":{"@type":"EntryPoint","urlTemplate":"https:\/\/panchukart.pl\/?s={search_term_string}"},"query-input":"required name=search_term_string"}],"inLanguage":"en-US"},{"@type":"WebPage","@id":"https:\/\/panchukart.pl\/en\/bio\/#webpage","url":"https:\/\/panchukart.pl\/en\/bio\/","name":"Bio - Igor Panchuk Art","isPartOf":{"@id":"https:\/\/panchukart.pl\/#website"},"datePublished":"2021-12-13T16:51:27+00:00","dateModified":"2023-10-24T12:23:15+00:00","breadcrumb":{"@id":"https:\/\/panchukart.pl\/en\/bio\/#breadcrumb"},"inLanguage":"en-US","potentialAction":[{"@type":"ReadAction","target":["https:\/\/panchukart.pl\/en\/bio\/"]}]},{"@type":"BreadcrumbList","@id":"https:\/\/panchukart.pl\/en\/bio\/#breadcrumb","itemListElement":[{"@type":"ListItem","position":1,"name":"Strona g\u0142\u00f3wna","item":"https:\/\/panchukart.pl\/en\/"},{"@type":"ListItem","position":2,"name":"Bio"}]}]}},"_links":{"self":[{"href":"https:\/\/panchukart.pl\/en\/wp-json\/wp\/v2\/pages\/1701"}],"collection":[{"href":"https:\/\/panchukart.pl\/en\/wp-json\/wp\/v2\/pages"}],"about":[{"href":"https:\/\/panchukart.pl\/en\/wp-json\/wp\/v2\/types\/page"}],"author":[{"embeddable":true,"href":"https:\/\/panchukart.pl\/en\/wp-json\/wp\/v2\/users\/1"}],"replies":[{"embeddable":true,"href":"https:\/\/panchukart.pl\/en\/wp-json\/wp\/v2\/comments?post=1701"}],"version-history":[{"count":26,"href":"https:\/\/panchukart.pl\/en\/wp-json\/wp\/v2\/pages\/1701\/revisions"}],"predecessor-version":[{"id":2755,"href":"https:\/\/panchukart.pl\/en\/wp-json\/wp\/v2\/pages\/1701\/revisions\/2755"}],"wp:attachment":[{"href":"https:\/\/panchukart.pl\/en\/wp-json\/wp\/v2\/media?parent=1701"}],"curies":[{"name":"wp","href":"https:\/\/api.w.org\/{rel}","templated":true}]}}